{"id":278,"date":"2017-07-07T11:04:18","date_gmt":"2017-07-07T09:04:18","guid":{"rendered":"http:\/\/psv-augsburg.de\/judo\/?page_id=278"},"modified":"2017-07-07T11:08:22","modified_gmt":"2017-07-07T09:08:22","slug":"newsletter","status":"publish","type":"page","link":"https:\/\/psv-augsburg.de\/judo\/newsletter\/","title":{"rendered":"Newsletter"},"content":{"rendered":"<p>Wenn Sie wichtige Infos der Judo-Abteilung per E-Mail erhalten m\u00f6chten, k\u00f6nnen Sie sich hier in unseren Newsletter eintragen:<\/p>\n<div class=\"emaillist\" id=\"es_form_f0-n1\"><form action=\"\/judo\/wp-json\/wp\/v2\/pages\/278#es_form_f0-n1\" method=\"post\" class=\"es_subscription_form es_shortcode_form  es_ajax_subscription_form\" id=\"es_subscription_form_69e5efcfae967\" data-source=\"ig-es\" data-form-id=\"0\"><div class=\"es-field-wrap\"><label>Name<br \/><input type=\"text\" name=\"esfpx_name\" class=\"ig_es_form_field_name\" placeholder=\"\" value=\"\" \/><\/label><\/div><div class=\"es-field-wrap ig-es-form-field\"><label class=\"es-field-label\">E-Mail*<br \/><input class=\"es_required_field es_txt_email ig_es_form_field_email ig-es-form-input\" type=\"email\" name=\"esfpx_email\" value=\"\" placeholder=\"\" required=\"required\" \/><\/label><\/div><input type=\"hidden\" name=\"esfpx_lists[]\" value=\"eb1ada04eb92\" \/><input type=\"hidden\" name=\"esfpx_form_id\" value=\"0\" \/><input type=\"hidden\" name=\"es\" value=\"subscribe\" \/>\n\t\t\t<input type=\"hidden\" name=\"esfpx_es_form_identifier\" value=\"f0-n1\" \/>\n\t\t\t<input type=\"hidden\" name=\"esfpx_es_email_page\" value=\"278\" \/>\n\t\t\t<input type=\"hidden\" name=\"esfpx_es_email_page_url\" value=\"https:\/\/psv-augsburg.de\/judo\/newsletter\/\" \/>\n\t\t\t<input type=\"hidden\" name=\"esfpx_status\" value=\"Unconfirmed\" \/>\n\t\t\t<input type=\"hidden\" name=\"esfpx_es-subscribe\" id=\"es-subscribe-69e5efcfae967\" value=\"afd4e039b6\" \/>\n\t\t\t<label style=\"position:absolute;top:-99999px;left:-99999px;z-index:-99;\" aria-hidden=\"true\"><span hidden>Bitte lasse dieses Feld leer.<\/span><input type=\"email\" name=\"esfpx_es_hp_email\" class=\"es_required_field\" tabindex=\"-1\" autocomplete=\"-1\" value=\"\" \/><\/label><input type=\"submit\" name=\"submit\" class=\"es_subscription_form_submit es_submit_button es_textbox_button\" id=\"es_subscription_form_submit_69e5efcfae967\" value=\"Abonnieren\" \/><span class=\"es_spinner_image\" id=\"spinner-image\"><img decoding=\"async\" src=\"https:\/\/psv-augsburg.de\/judo\/wp-content\/plugins\/email-subscribers\/lite\/public\/images\/spinner.gif\" alt=\"Loading\" \/><\/span><\/form><span class=\"es_subscription_message \" id=\"es_subscription_message_69e5efcfae967\" role=\"alert\" aria-live=\"assertive\"><\/span><\/div>\n<p><strong>Wichtige Info:<\/strong><br \/>\nWir benutzen Ihre E-Mail-Adresse nur f\u00fcr Info-Zwecke der Judo-Abteilung. Es erfolgt keine Weitergabe Ihrer Daten und Sie haben immer die M\u00f6glichkeit, sich wieder aus dem Newsletter auszutragen.<\/p>\n","protected":false},"excerpt":{"rendered":"<p>Wenn Sie wichtige Infos der Judo-Abteilung per E-Mail erhalten m\u00f6chten, k\u00f6nnen Sie sich hier in unseren Newsletter eintragen: Wichtige Info: Wir benutzen Ihre E-Mail-Adresse nur f\u00fcr Info-Zwecke der Judo-Abteilung. Es erfolgt keine Weitergabe Ihrer Daten und Sie haben immer die M\u00f6glichkeit, sich wieder aus dem Newsletter auszutragen.<\/p>\n","protected":false},"author":1,"featured_media":0,"parent":0,"menu_order":0,"comment_status":"closed","ping_status":"closed","template":"","meta":{"ngg_post_thumbnail":0,"footnotes":""},"class_list":["post-278","page","type-page","status-publish","hentry"],"post_mailing_queue_ids":[],"_links":{"self":[{"href":"https:\/\/psv-augsburg.de\/judo\/wp-json\/wp\/v2\/pages\/278"}],"collection":[{"href":"https:\/\/psv-augsburg.de\/judo\/wp-json\/wp\/v2\/pages"}],"about":[{"href":"https:\/\/psv-augsburg.de\/judo\/wp-json\/wp\/v2\/types\/page"}],"author":[{"embeddable":true,"href":"https:\/\/psv-augsburg.de\/judo\/wp-json\/wp\/v2\/users\/1"}],"replies":[{"embeddable":true,"href":"https:\/\/psv-augsburg.de\/judo\/wp-json\/wp\/v2\/comments?post=278"}],"version-history":[{"count":3,"href":"https:\/\/psv-augsburg.de\/judo\/wp-json\/wp\/v2\/pages\/278\/revisions"}],"predecessor-version":[{"id":282,"href":"https:\/\/psv-augsburg.de\/judo\/wp-json\/wp\/v2\/pages\/278\/revisions\/282"}],"wp:attachment":[{"href":"https:\/\/psv-augsburg.de\/judo\/wp-json\/wp\/v2\/media?parent=278"}],"curies":[{"name":"wp","href":"https:\/\/api.w.org\/{rel}","templated":true}]}}