{"id":26,"date":"2017-02-01T12:33:41","date_gmt":"2017-02-01T11:33:41","guid":{"rendered":"http:\/\/psv-augsburg.de\/judo\/seite_judo\/?page_id=26"},"modified":"2019-05-15T19:45:31","modified_gmt":"2019-05-15T17:45:31","slug":"datenschutz","status":"publish","type":"page","link":"https:\/\/psv-augsburg.de\/judo\/datenschutz\/","title":{"rendered":"Datenschutz"},"content":{"rendered":"<p><strong>Protokollierung<\/strong><\/p>\n<p>Auf dem Webserver der PSV Augsburg Judo-Abteilung werden IP-Adressen oder andere personenbezogene Daten protokolliert, sofern Sie f\u00fcr die rechtsichere Behandlung von Kommentaren und Beitr\u00e4gen ben\u00f6tigt werden.<\/p>\n<p><strong>Cookies<\/strong><\/p>\n<p>Die Webseite der PSV Augsburg Judo-Abteilung nutzt aus Gr\u00fcnden der Bedienungsvereinfachung sogenannte Cookies. Dabei handelt es sich um kleine Text-Dateien, die auf Ihrem Rechner zwischengespeichert werden. Falls Sie mit der Nutzung von Cookies nicht einverstanden sind, k\u00f6nnen Sie dies in den Einstellungen Ihres Browsers untersagen.<\/p>\n<p><strong>Aktive Komponenten<\/strong><\/p>\n<p>Die Webseite der PSV Augsburg Judo-Abteilung nutzt aus Gr\u00fcnden der Bedienungsvereinfachung die moderne Browser-Technologie Javascript.<\/p>\n<p><strong>E-Mail-Sicherheit<\/strong><\/p>\n<p>Wenn Sie uns eine E-Mail senden, wird Ihre E-Mail-Adresse ausschlie\u00dflich f\u00fcr die Korrespondenz mit Ihnen verwendet. Es erfolgt keine Weitergabe Ihrer E-Mail-Adresse an Dritte.<\/p>\n<p><strong>Disclaimer<\/strong><\/p>\n<p>Auf der Webseite der PSV Augsburg Judo-Abteilung befinden sich teilweise Querverweise (\u201eLinks\u201c) auf Web-Inhalte auf anderen Web-Servern, die als externer Link gekennzeichnet sind. Diese externen Links \u00f6ffnen sich immer in einem neuen Fenster oder Browser-Tab.<\/p>\n<p>Durch einen externen Link erm\u00f6glicht die PSV Augsburg Judo-Abteilung den Zugang zur Nutzung dieser Inhalte (\u00a7 8 Telemediengesetz). F\u00fcr diese externen Inhalte ist die PSV Augsburg Judo-Abteilung nicht verantwortlich, da Judo-Abteilung die \u00dcbermittlung der Information nicht veranlasst. Ebenso wird der Adressat der \u00fcbermittelten Informationen nicht ausgew\u00e4hlt und die die PSV Augsburg \u00fcbermittelten Informationen nicht ausgew\u00e4hlt oder ver\u00e4ndert. Auch eine kurzzeitige Zwischenspeicherung der externen Informationen erfolgt wegen der gew\u00e4hlten Verlinkungs-Methode durch die PSV Augsburg Judo-Abteilung nicht, so dass sich dadurch ebenfalls keine Verantwortlichkeit der PSV Augsburg Judo-Abteilung f\u00fcr diese fremden Inhalte ergibt.<\/p>\n<p><strong>Google Maps<\/strong><\/p>\n<p>Diese Seite nutzt den Karten-Service von Google Maps, der durch einen Link erreichbar ist. Hinweise zum Datenschutz und zur Nutzung von Google Maps finden Sie <a href=\"https:\/\/www.google.com\/intl\/de_de\/help\/terms_maps.html\" target=\"_blank\" rel=\"noopener\">hier (externer Link auf Google.com)<\/a>.<\/p>\n","protected":false},"excerpt":{"rendered":"<p>Protokollierung Auf dem Webserver der PSV Augsburg Judo-Abteilung werden IP-Adressen oder andere personenbezogene Daten protokolliert, sofern Sie f\u00fcr die rechtsichere Behandlung von Kommentaren und Beitr\u00e4gen ben\u00f6tigt werden. Cookies Die Webseite der PSV Augsburg Judo-Abteilung nutzt aus Gr\u00fcnden der Bedienungsvereinfachung sogenannte Cookies. Dabei handelt es sich um kleine Text-Dateien, die auf Ihrem Rechner zwischengespeichert werden. Falls &hellip; <\/p>\n<p class=\"link-more\"><a href=\"https:\/\/psv-augsburg.de\/judo\/datenschutz\/\" class=\"more-link\"><span class=\"screen-reader-text\">\u201eDatenschutz\u201c<\/span> weiterlesen<\/a><\/p>\n","protected":false},"author":1,"featured_media":0,"parent":0,"menu_order":0,"comment_status":"closed","ping_status":"closed","template":"","meta":{"ngg_post_thumbnail":0,"footnotes":""},"class_list":["post-26","page","type-page","status-publish","hentry"],"post_mailing_queue_ids":[],"_links":{"self":[{"href":"https:\/\/psv-augsburg.de\/judo\/wp-json\/wp\/v2\/pages\/26"}],"collection":[{"href":"https:\/\/psv-augsburg.de\/judo\/wp-json\/wp\/v2\/pages"}],"about":[{"href":"https:\/\/psv-augsburg.de\/judo\/wp-json\/wp\/v2\/types\/page"}],"author":[{"embeddable":true,"href":"https:\/\/psv-augsburg.de\/judo\/wp-json\/wp\/v2\/users\/1"}],"replies":[{"embeddable":true,"href":"https:\/\/psv-augsburg.de\/judo\/wp-json\/wp\/v2\/comments?post=26"}],"version-history":[{"count":19,"href":"https:\/\/psv-augsburg.de\/judo\/wp-json\/wp\/v2\/pages\/26\/revisions"}],"predecessor-version":[{"id":693,"href":"https:\/\/psv-augsburg.de\/judo\/wp-json\/wp\/v2\/pages\/26\/revisions\/693"}],"wp:attachment":[{"href":"https:\/\/psv-augsburg.de\/judo\/wp-json\/wp\/v2\/media?parent=26"}],"curies":[{"name":"wp","href":"https:\/\/api.w.org\/{rel}","templated":true}]}}