{"id":1221,"date":"2023-03-22T19:51:28","date_gmt":"2023-03-22T18:51:28","guid":{"rendered":"https:\/\/psv-augsburg.de\/judo\/?page_id=1221"},"modified":"2025-02-07T18:19:52","modified_gmt":"2025-02-07T17:19:52","slug":"informationen-zu-den-beitraegen","status":"publish","type":"page","link":"https:\/\/psv-augsburg.de\/judo\/informationen-zu-den-beitraegen\/","title":{"rendered":"Infos und Trainingszeiten"},"content":{"rendered":"\n<p><strong>Kindertraining:&nbsp; Montag und Freitag von 18.00 &#8211; 19.30 Uhr<\/strong><\/p>\n<p><strong>Erwachsenentraining:&nbsp; Montag und Freitag von 19.30 &#8211; 21.00 Uhr<\/strong><\/p>\n<p><strong>Spezielles Jugendtraining: Freitags von 19.30 &#8211; 21.00 Uhr<\/strong><\/p>\n<p><strong>An Feiertagen wird nicht trainiert.<\/strong><\/p>\n<p><strong>Das Training f\u00fcr Erwachsene findet grunds\u00e4tzlich auch in den Ferien statt,&nbsp; Bitte hierzu die Infos auf der Homepage beachten und ggf. R\u00fccksprache mit der Abteilungsleitung.&nbsp;<\/strong><strong> Kindertraining in den Ferien nur nach Absprache.&nbsp;<\/strong><\/p>\n\n\n\n<p>&nbsp;<\/p>\n<p>&nbsp;<\/p>\n\n\n\n<p><strong>In unserer Judo-Abteilung hei\u00dfen wir alle interessierten Judokas willkommen!<\/strong>&nbsp;<\/p>\n<p>Der Schwerpunkt liegt bei unserer Abteilung zwar im Breitensport, aber wir haben auch einige junge starke Wettk\u00e4mpfer und \u00e4ltere ehemalige Wettk\u00e4mpfer in unseren Reihen.<\/p>\n<p><img loading=\"lazy\" decoding=\"async\" class=\"wp-image-1239 alignleft\" src=\"https:\/\/psv-augsburg.de\/judo\/wp-content\/uploads\/2023\/03\/lu-1.jpg\" alt=\"\" width=\"266\" height=\"316\" srcset=\"https:\/\/psv-augsburg.de\/judo\/wp-content\/uploads\/2023\/03\/lu-1.jpg 882w, https:\/\/psv-augsburg.de\/judo\/wp-content\/uploads\/2023\/03\/lu-1-253x300.jpg 253w, https:\/\/psv-augsburg.de\/judo\/wp-content\/uploads\/2023\/03\/lu-1-863x1024.jpg 863w, https:\/\/psv-augsburg.de\/judo\/wp-content\/uploads\/2023\/03\/lu-1-768x912.jpg 768w\" sizes=\"(max-width: 266px) 100vw, 266px\" \/><\/p>\n<p>Die Erwachsenen trainieren alle gemeinsam, ganz egal in welchem Alter, ob m\u00e4nnlich\/weiblich\/divers, mit welcher Kondition, Einschr\u00e4nkungen oder eben Gewicht. Das Training wird jederzeit an die jeweiligen Bedingungen angepasst, so dass alle Trainierenden ein gutes Training und gemeinsam Fortschritte erleben k\u00f6nnen. Kondition und Kraft werden gest\u00e4rkt und etliche Kalorien verbrannt\u2026<\/p>\n<p><em>Luigi und Stefan, 2 langj\u00e4hrige Breitensportler des PSV und gute Beispiele, das Judo keine Frage von Alter oder Kondition ist.<\/em><\/p>\n<p>&nbsp;<\/p>\n<p><strong>Wer also auf der Suche nach neuen sportlichen Erfahrungen ist, ist immer herzlich willkommen, ein kostenloses Schnuppertraining ist jederzeit m\u00f6glich.<\/strong><\/p>\n<p>&nbsp;<\/p>\n<p>&nbsp;<\/p>\n\n\n","protected":false},"excerpt":{"rendered":"<p>Kindertraining:&nbsp; Montag und Freitag von 18.00 &#8211; 19.30 Uhr Erwachsenentraining:&nbsp; Montag und Freitag von 19.30 &#8211; 21.00 Uhr Spezielles Jugendtraining: Freitags von 19.30 &#8211; 21.00 Uhr An Feiertagen wird nicht trainiert. Das Training f\u00fcr Erwachsene findet grunds\u00e4tzlich auch in den Ferien statt,&nbsp; Bitte hierzu die Infos auf der Homepage beachten und ggf. R\u00fccksprache mit der &hellip; <\/p>\n<p class=\"link-more\"><a href=\"https:\/\/psv-augsburg.de\/judo\/informationen-zu-den-beitraegen\/\" class=\"more-link\"><span class=\"screen-reader-text\">\u201eInfos und Trainingszeiten\u201c<\/span> weiterlesen<\/a><\/p>\n","protected":false},"author":5,"featured_media":0,"parent":0,"menu_order":0,"comment_status":"closed","ping_status":"closed","template":"","meta":{"ngg_post_thumbnail":0,"footnotes":""},"class_list":["post-1221","page","type-page","status-publish","hentry"],"post_mailing_queue_ids":[],"_links":{"self":[{"href":"https:\/\/psv-augsburg.de\/judo\/wp-json\/wp\/v2\/pages\/1221"}],"collection":[{"href":"https:\/\/psv-augsburg.de\/judo\/wp-json\/wp\/v2\/pages"}],"about":[{"href":"https:\/\/psv-augsburg.de\/judo\/wp-json\/wp\/v2\/types\/page"}],"author":[{"embeddable":true,"href":"https:\/\/psv-augsburg.de\/judo\/wp-json\/wp\/v2\/users\/5"}],"replies":[{"embeddable":true,"href":"https:\/\/psv-augsburg.de\/judo\/wp-json\/wp\/v2\/comments?post=1221"}],"version-history":[{"count":11,"href":"https:\/\/psv-augsburg.de\/judo\/wp-json\/wp\/v2\/pages\/1221\/revisions"}],"predecessor-version":[{"id":1590,"href":"https:\/\/psv-augsburg.de\/judo\/wp-json\/wp\/v2\/pages\/1221\/revisions\/1590"}],"wp:attachment":[{"href":"https:\/\/psv-augsburg.de\/judo\/wp-json\/wp\/v2\/media?parent=1221"}],"curies":[{"name":"wp","href":"https:\/\/api.w.org\/{rel}","templated":true}]}}